{"id":2803,"date":"2023-07-29T12:31:19","date_gmt":"2023-07-29T10:31:19","guid":{"rendered":"https:\/\/www.zeckstick.de\/?post_type=product&#038;p=2803"},"modified":"2026-04-29T12:44:41","modified_gmt":"2026-04-29T10:44:41","slug":"zeckstick-aluminium-der-praktische-gelb","status":"publish","type":"product","link":"https:\/\/www.zeckstick.de\/index.php\/produkt\/zeckstick-aluminium-der-praktische-gelb\/","title":{"rendered":"<b>ZECK<\/b>stick Aluminium: DER PRAKTISCHE &#8222;Gelb&#8220;"},"content":{"rendered":"<h3>Der praktische Zeckenentferner in Aluminium gelb metallic<\/h3>\n<p>aus hochfestem Aluminium mit nur 35% Gewicht des Edelstahl Zecksticks.<br \/>\nDER PRAKTISCHE &#8222;Rote&#8220; <strong>ZECK<\/strong>stick, auch Zeckenentferner Aluminium rot genannt, ist eine leichte &amp; modische Erweiterung des <a href=\"\/index.php\/produkt\/zeckstick-der-praktische-entfernt-zecken-nach-zeckenbiss\/\">PRAKTISCHEN <strong>ZECK<\/strong>stick<\/a>! Auch der bunte Zeckenheber mit Aufbewahrungsh\u00fclse, ist mit einem Schl\u00fcsselring ausgestattet. Dadurch l\u00e4sst er sich einfach an jedem Schl\u00fcsselbund oder G\u00fcrtelschnalle befestigen.<\/p>\n<p>Schrauben Sie den <b>ZECK<\/b>stick aus der H\u00fclse, fahren Sie damit vorsichtig unter den Zeckenk\u00f6rper und hebeln die Zecke aus.<\/p>\n<p>Das Beste bei allen <strong>ZECK<\/strong>sticks: Durch die stressfreie Entfernung der Zecke, werden keine Keime oder Bakterien in die Bisswunde zur\u00fcckgepresst und das Risiko f\u00fcr gef\u00e4hrliche Krankheiten wird minimiert. \u00dcbrigens: <strong>Je fr\u00fcher Sie die Zecke entfernen, desto geringer die Ansteckungsgefahr.<\/strong><\/p>\n<p>Unser <b>ZECK<\/b>stick wurde vom bekannten Kinderarzt Dr. Sauerleute (Leutkirch) zwei Jahre lang erprobt und best\u00e4tigt.<\/p>\n<h4>Ein leichtes, blaues Geschenk f\u00fcr Naturliebhaber und Tierfreunde<\/h4>\n<p>Zusammen mit dem Schl\u00fcsselring ist der <strong>ZECK<\/strong>stick Zeckenentferner Aluminium rot ein pers\u00f6nliches und praktisches Geschenk f\u00fcr Alt und Jung. Verlassen Sie Ihr Haus ohne Schl\u00fcsselbund? Nein. Damit ist unser <strong>ZECK<\/strong>stick der passende Begleiter. Aber auch als Dankesch\u00f6n oder als liebevolle Aufmerksamkeit ist unser Zeckenheber ideal. Frei nach dem Motto: &#8222;Deine Gesundheit ist mir wichtig&#8220;.\u00a0 Der <strong>ZECK<\/strong>stick eignet sich aber auch als Anh\u00e4nger f\u00fcr das Hundehalsband oder f\u00fcr Taschen und Rucks\u00e4cke.<\/p>\n<p>Und so funktioniert der Zeckenentferner:<br \/>\n<div class=\"BorlabsCookie\"><div class=\"_brlbs-content-blocker\"> <div class=\"_brlbs-embed _brlbs-video-youtube\"> <img class=\"_brlbs-thumbnail\" src=\"https:\/\/www.zeckstick.de\/wp-content\/plugins\/borlabs-cookie1\/images\/cb-no-thumbnail.png\" alt=\"YouTube\"> <div class=\"_brlbs-caption\"> <p>Mit dem Laden des Videos akzeptieren Sie die Datenschutzerkl\u00e4rung von YouTube.<br><a href=\"https:\/\/policies.google.com\/privacy\" target=\"_blank\" rel=\"nofollow noopener noreferrer\">Mehr erfahren<\/a><\/p> <p><a class=\"_brlbs-btn _brlbs-icon-play-white\" href=\"#\" data-borlabs-cookie-unblock role=\"button\">Video laden<\/a><\/p> <p><label><input type=\"checkbox\" name=\"unblockAll\" value=\"1\" checked> <small>YouTube immer entsperren<\/small><\/label><\/p> <\/div> <\/div> <\/div><div class=\"borlabs-hide\" data-borlabs-cookie-type=\"content-blocker\" data-borlabs-cookie-id=\"youtube\"><script type=\"text\/template\">PGlmcmFtZSBsb2FkaW5nPSJsYXp5IiBzcmM9Imh0dHBzOi8vd3d3LnlvdXR1YmUtbm9jb29raWUuY29tL2VtYmVkL2hwb2F2QWlDUEZNIiB3aWR0aD0iNTYwIiBoZWlnaHQ9IjMxNSIgZnJhbWVib3JkZXI9IjAiIGFsbG93ZnVsbHNjcmVlbj0iYWxsb3dmdWxsc2NyZWVuIj48L2lmcmFtZT48L3A+<\/script><\/div><\/div>\n<h4>Qualit\u00e4tsinfo:<\/h4>\n<p>Der <b>ZECK<\/b>stick ist ein Produkt aus der Region Allg\u00e4u, hergestellt mit h\u00f6chster Pr\u00e4zision und Qualit\u00e4tstreue. Ihre Gesundheit liegt uns am Herzen, daher vertrauen Sie <b>ZECK<\/b>stick | einfach, schnell, sicher. Der bunte <strong>ZECK<\/strong>stick ist ein hochwertiges und leicht zu handhabendes Instrument aus Aluminium, welches nach dem Einsatz problemlos sterilisiert werden kann (Wasserdampf oder kochendes Wasser). Die Farbe kann leicht vom Bild abweichen.<\/p>\n<p><a href=\"https:\/\/www.zeckstick.de\/wp-content\/uploads\/2017\/06\/Zeckstick-Entfernungsanleitung.pdf\">Klicken Sie hier, f\u00fcr die Anleitung des <strong>ZECK<\/strong>stick<\/a><\/p>\n<h4>Lesen Sie mehr zum Thema:<\/h4>\n<ul>\n<li><a href=\"https:\/\/www.zeckstick.de\/index.php\/portfolio\/was-ist-eine-zecke\/\" target=\"_blank\" rel=\"noopener noreferrer\">Was ist eine Zecke?<\/a><\/li>\n<li><a href=\"https:\/\/www.zeckstick.de\/index.php\/portfolio\/zeckengefahr\/\" target=\"_blank\" rel=\"noopener noreferrer\">Zeckengefahr!<\/a><\/li>\n<li><a href=\"https:\/\/www.zeckstick.de\/index.php\/portfolio\/wandern-und-reisen\/\" target=\"_blank\" rel=\"noopener noreferrer\">Wandern und Reisen<\/a><\/li>\n<li><a href=\"https:\/\/www.zeckstick.de\/index.php\/portfolio\/schuetzen-sie-ihre-familie-vor-zecken\/\" target=\"_blank\" rel=\"noopener noreferrer\">Sch\u00fctzen Sie Ihre Familie<\/a><\/li>\n<li><a href=\"https:\/\/www.zeckstick.de\/index.php\/portfolio\/zecken-bei-hund-und-katze\/\" target=\"_blank\" rel=\"noopener noreferrer\">Zecken bei Tieren<\/a><\/li>\n<li><a href=\"https:\/\/www.zeckstick.de\/index.php\/portfolio\/fsme-risikogebiete-mit-interaktiver-karte\/\" target=\"_blank\" rel=\"noopener noreferrer\">FSME Risikogebiete<\/a><\/li>\n<\/ul>\n<p>Den ZECKstick finden Sie auch beim <a href=\"https:\/\/allgaeuer-geschenke.de\/\">Allg\u00e4uer Geschenke Shop<\/a>.<\/p>\n","protected":false},"excerpt":{"rendered":"<p>Mit dem praktischen Zeckstick aus Aluminium entfernen Sie Zecken von Mensch und Tier.<\/p>\n","protected":false},"featured_media":2850,"comment_status":"open","ping_status":"closed","template":"","meta":[],"product_cat":[41],"product_tag":[49,818,46,47,48],"_links":{"self":[{"href":"https:\/\/www.zeckstick.de\/index.php\/wp-json\/wp\/v2\/product\/2803"}],"collection":[{"href":"https:\/\/www.zeckstick.de\/index.php\/wp-json\/wp\/v2\/product"}],"about":[{"href":"https:\/\/www.zeckstick.de\/index.php\/wp-json\/wp\/v2\/types\/product"}],"replies":[{"embeddable":true,"href":"https:\/\/www.zeckstick.de\/index.php\/wp-json\/wp\/v2\/comments?post=2803"}],"wp:featuredmedia":[{"embeddable":true,"href":"https:\/\/www.zeckstick.de\/index.php\/wp-json\/wp\/v2\/media\/2850"}],"wp:attachment":[{"href":"https:\/\/www.zeckstick.de\/index.php\/wp-json\/wp\/v2\/media?parent=2803"}],"wp:term":[{"taxonomy":"product_cat","embeddable":true,"href":"https:\/\/www.zeckstick.de\/index.php\/wp-json\/wp\/v2\/product_cat?post=2803"},{"taxonomy":"product_tag","embeddable":true,"href":"https:\/\/www.zeckstick.de\/index.php\/wp-json\/wp\/v2\/product_tag?post=2803"}],"curies":[{"name":"wp","href":"https:\/\/api.w.org\/{rel}","templated":true}]}}