{"id":2783,"date":"2023-07-29T11:37:51","date_gmt":"2023-07-29T09:37:51","guid":{"rendered":"https:\/\/www.zeckstick.de\/?post_type=product&#038;p=2783"},"modified":"2026-04-14T13:06:53","modified_gmt":"2026-04-14T11:06:53","slug":"zeckstick-edelstahl-der-praktische-in-blau","status":"publish","type":"product","link":"https:\/\/www.zeckstick.de\/index.php\/produkt\/zeckstick-edelstahl-der-praktische-in-blau\/","title":{"rendered":"<b>ZECK<\/b>stick Aluminium: DER PRAKTISCHE in BLAU"},"content":{"rendered":"<h3>Der praktische Zeckenentferner aus Edelstahl in der Farbe blau<\/h3>\n<p>Dieser ZECKstick Zeckenentferner Edelstahl ist fast unverw\u00fcstlich! Er kann auch ein Leben lang funktionieren.<\/p>\n<ul>\n<li>elegant,<\/li>\n<li>wertig<\/li>\n<li>zeitlos<\/li>\n<li>desinfektionierbar<\/li>\n<li>sterilisierbar<\/li>\n<li><strong>reduziert die \u00dcbertragung gef\u00e4hrlicher Krankheiten<\/strong><\/li>\n<\/ul>\n<p><strong>ZECK<\/strong>stick: Der Praktische, beinhaltet nicht nur unseren erfolgreichen Zeckenheber mit Aufbewahrungsh\u00fclse, sondern ist auch mit einem Schl\u00fcsselring ausgestattet. Dadurch l\u00e4sst er sich einfach an jedem Schl\u00fcsselbund oder G\u00fcrtelschnalle befestigen und ist damit einfach immer dabei.<\/p>\n<p><em>Anleitung:<\/em> Schrauben Sie den <b>ZECK<\/b>stick aus der H\u00fclse, fahren Sie damit unter den Zeckenk\u00f6rper und hebeln die Zecke aus.<br \/>\n<em>\u00dcbrigens:<\/em> Je fr\u00fcher Sie die Zecke entfernen, desto geringer die Ansteckungsgefahr.<\/p>\n<p>Unser <b>ZECK<\/b>stick wurde vom bekannten Kinderarzt Dr. Sauterleute (Leutkirch) zwei Jahre lang erprobt und best\u00e4tigt.<\/p>\n<h4>Ein Geschenk f\u00fcr Naturliebhaber und Tierfreunde<\/h4>\n<p>Zusammen mit dem Schl\u00fcsselring ist der <strong>ZECK<\/strong>stick, Zeckenentferner Edelstahl, ein pers\u00f6nliches und praktisches Geschenk f\u00fcr Alt und Jung. Verlassen Sie Ihr Haus ohne Schl\u00fcsselbund? Nein. Damit ist unser <strong>ZECK<\/strong>stick der passende Begleiter. Aber auch als Dankesch\u00f6n oder als liebevolle Aufmerksamkeit ist unser Zeckenheber ideal. Frei nach dem Motto: &#8222;Deine Gesundheit ist mir wichtig&#8220;. Er eignet sich aber auch als Anh\u00e4nger f\u00fcr das Hundehalsband oder f\u00fcr Taschen und Rucks\u00e4cke.<\/p>\n<p>Und so funktioniert der Zeckenentferner:<br \/>\n<div class=\"BorlabsCookie\"><div class=\"_brlbs-content-blocker\"> <div class=\"_brlbs-embed _brlbs-video-youtube\"> <img class=\"_brlbs-thumbnail\" src=\"https:\/\/www.zeckstick.de\/wp-content\/plugins\/borlabs-cookie1\/images\/cb-no-thumbnail.png\" alt=\"YouTube\"> <div class=\"_brlbs-caption\"> <p>Mit dem Laden des Videos akzeptieren Sie die Datenschutzerkl\u00e4rung von YouTube.<br><a href=\"https:\/\/policies.google.com\/privacy\" target=\"_blank\" rel=\"nofollow noopener noreferrer\">Mehr erfahren<\/a><\/p> <p><a class=\"_brlbs-btn _brlbs-icon-play-white\" href=\"#\" data-borlabs-cookie-unblock role=\"button\">Video laden<\/a><\/p> <p><label><input type=\"checkbox\" name=\"unblockAll\" value=\"1\" checked> <small>YouTube immer entsperren<\/small><\/label><\/p> <\/div> <\/div> <\/div><div class=\"borlabs-hide\" data-borlabs-cookie-type=\"content-blocker\" data-borlabs-cookie-id=\"youtube\"><script type=\"text\/template\">PGlmcmFtZSBsb2FkaW5nPSJsYXp5IiBzcmM9Imh0dHBzOi8vd3d3LnlvdXR1YmUtbm9jb29raWUuY29tL2VtYmVkL2hwb2F2QWlDUEZNIiB3aWR0aD0iNTYwIiBoZWlnaHQ9IjMxNSIgZnJhbWVib3JkZXI9IjAiIGFsbG93ZnVsbHNjcmVlbj0iYWxsb3dmdWxsc2NyZWVuIj48L2lmcmFtZT48L3A+<\/script><\/div><\/div>\n<h4>Qualit\u00e4tsinfo:<\/h4>\n<p>Der <b>ZECK<\/b>stick ist ein Produkt aus der Region Allg\u00e4u, hergestellt mit h\u00f6chster Pr\u00e4zision und Qualit\u00e4tstreue. Ihre Gesundheit liegt uns am Herzen, daher vertrauen Sie <b>ZECK<\/b>stick | einfach, schnell, sicher. Der <strong>ZECK<\/strong>stick ist ein hochwertiges und leicht zu handhabendes Instrument aus Edelstahl, welches nach dem Einsatz problemlos sterilisiert werden kann (Wasserdampf oder auskochen).<\/p>\n<p><a href=\"https:\/\/www.zeckstick.de\/wp-content\/uploads\/2017\/06\/Zeckstick-Entfernungsanleitung.pdf\">Klicken Sie hier, f\u00fcr die Anleitung des <strong>ZECK<\/strong>stick als PDF<\/a><\/p>\n<p>Den ZECKstick gibt es auch in den Farben rot, gelb und blau.<\/p>\n<h4>Lesen Sie mehr zum Thema:<\/h4>\n<ul>\n<li><a href=\"https:\/\/www.zeckstick.de\/index.php\/portfolio\/was-ist-eine-zecke\/\" target=\"_blank\" rel=\"noopener noreferrer\">Was ist eine Zecke?<\/a><\/li>\n<li><a href=\"https:\/\/www.zeckstick.de\/index.php\/portfolio\/zeckengefahr\/\" target=\"_blank\" rel=\"noopener noreferrer\">Zeckengefahr!<\/a><\/li>\n<li><a href=\"https:\/\/www.zeckstick.de\/index.php\/portfolio\/wandern-und-reisen\/\" target=\"_blank\" rel=\"noopener noreferrer\">Wandern und Reisen<\/a><\/li>\n<li><a href=\"https:\/\/www.zeckstick.de\/index.php\/portfolio\/schuetzen-sie-ihre-familie-vor-zecken\/\" target=\"_blank\" rel=\"noopener noreferrer\">Sch\u00fctzen Sie Ihre Familie<\/a><\/li>\n<li><a href=\"https:\/\/www.zeckstick.de\/index.php\/portfolio\/zecken-bei-hund-und-katze\/\" target=\"_blank\" rel=\"noopener noreferrer\">Zecken bei Tieren<\/a><\/li>\n<li><a href=\"https:\/\/www.zeckstick.de\/index.php\/portfolio\/fsme-risikogebiete-mit-interaktiver-karte\/\" target=\"_blank\" rel=\"noopener noreferrer\">FSME Risikogebiete<\/a><\/li>\n<\/ul>\n<p>Den ZECKstick finden Sie auch beim <a href=\"https:\/\/allgaeuer-geschenke.de\/\">Allg\u00e4uer Geschenke Shop<\/a>.<\/p>\n","protected":false},"excerpt":{"rendered":"<p>Mit dem praktischen Zeckstick entfernen Sie Zecken von Mensch und Tier.<\/p>\n<p>Versandkostenfrei!<\/p>\n","protected":false},"featured_media":2836,"comment_status":"open","ping_status":"closed","template":"","meta":[],"product_cat":[41],"product_tag":[49,46,47,48],"_links":{"self":[{"href":"https:\/\/www.zeckstick.de\/index.php\/wp-json\/wp\/v2\/product\/2783"}],"collection":[{"href":"https:\/\/www.zeckstick.de\/index.php\/wp-json\/wp\/v2\/product"}],"about":[{"href":"https:\/\/www.zeckstick.de\/index.php\/wp-json\/wp\/v2\/types\/product"}],"replies":[{"embeddable":true,"href":"https:\/\/www.zeckstick.de\/index.php\/wp-json\/wp\/v2\/comments?post=2783"}],"wp:featuredmedia":[{"embeddable":true,"href":"https:\/\/www.zeckstick.de\/index.php\/wp-json\/wp\/v2\/media\/2836"}],"wp:attachment":[{"href":"https:\/\/www.zeckstick.de\/index.php\/wp-json\/wp\/v2\/media?parent=2783"}],"wp:term":[{"taxonomy":"product_cat","embeddable":true,"href":"https:\/\/www.zeckstick.de\/index.php\/wp-json\/wp\/v2\/product_cat?post=2783"},{"taxonomy":"product_tag","embeddable":true,"href":"https:\/\/www.zeckstick.de\/index.php\/wp-json\/wp\/v2\/product_tag?post=2783"}],"curies":[{"name":"wp","href":"https:\/\/api.w.org\/{rel}","templated":true}]}}