{"id":1892,"date":"2017-06-07T13:16:43","date_gmt":"2017-06-07T11:16:43","guid":{"rendered":"https:\/\/www.zeckstick.de\/?post_type=product&#038;p=1892"},"modified":"2023-02-02T20:35:58","modified_gmt":"2023-02-02T19:35:58","slug":"zeckstick-nachfuellpack","status":"publish","type":"product","link":"https:\/\/www.zeckstick.de\/index.php\/produkt\/zeckstick-nachfuellpack\/","title":{"rendered":"<b>ZECK<\/b>stick: Nachf\u00fcllpack f\u00fcr Aufsteller"},"content":{"rendered":"<h3>10\u00a0 Zeckenentferner zum Nachf\u00fcllen<\/h3>\n<p>F\u00fcllen Sie ganz bequem Ihren Aufsteller f\u00fcr die <strong>ZECK<\/strong>sticks wieder auf. Das spart Verpackungsmaterial.<\/p>\n<p>Der 10er Nachf\u00fcllpack enth\u00e4lt<\/p>\n<ul>\n<li>2 rote Aluminium ZECKsticks<\/li>\n<li>2 blaue Aluminium ZECKsticks<\/li>\n<li>2 gelbe Aluminium ZECKsticks<\/li>\n<li>4 Edelstahl ZECKsticks<\/li>\n<li>10 kleine Kissenkartons zum Verpacken<\/li>\n<li>10 Anleitungen zur Zeckenentfernung<\/li>\n<\/ul>\n<h4>Sonderbestellung<\/h4>\n<p>Staffelpreise ab 25 -100 Stk. Gerne bieten wir Ihnen auch gr\u00f6\u00dfere Mengen an!<br \/>\nSollen wir Ihr Logo auf den Zeckenentferner lasern?\u00a0 Kontaktieren Sie uns bitte per <a href=\"mailto:info@zeckstick.de\">eMail<\/a>.<\/p>\n<div class=\"BorlabsCookie\"><div class=\"_brlbs-content-blocker\"> <div class=\"_brlbs-embed _brlbs-video-youtube\"> <img class=\"_brlbs-thumbnail\" src=\"https:\/\/www.zeckstick.de\/wp-content\/plugins\/borlabs-cookie1\/images\/cb-no-thumbnail.png\" alt=\"YouTube\"> <div class=\"_brlbs-caption\"> <p>Mit dem Laden des Videos akzeptieren Sie die Datenschutzerkl\u00e4rung von YouTube.<br><a href=\"https:\/\/policies.google.com\/privacy\" target=\"_blank\" rel=\"nofollow noopener noreferrer\">Mehr erfahren<\/a><\/p> <p><a class=\"_brlbs-btn _brlbs-icon-play-white\" href=\"#\" data-borlabs-cookie-unblock role=\"button\">Video laden<\/a><\/p> <p><label><input type=\"checkbox\" name=\"unblockAll\" value=\"1\" checked> <small>YouTube immer entsperren<\/small><\/label><\/p> <\/div> <\/div> <\/div><div class=\"borlabs-hide\" data-borlabs-cookie-type=\"content-blocker\" data-borlabs-cookie-id=\"youtube\"><script type=\"text\/template\">PHA+PGlmcmFtZSBsb2FkaW5nPSJsYXp5IiBzcmM9Imh0dHBzOi8vd3d3LnlvdXR1YmUtbm9jb29raWUuY29tL2VtYmVkL2hwb2F2QWlDUEZNIiB3aWR0aD0iNTYwIiBoZWlnaHQ9IjMxNSIgZnJhbWVib3JkZXI9IjAiIGFsbG93ZnVsbHNjcmVlbj0iYWxsb3dmdWxsc2NyZWVuIj48L2lmcmFtZT48L3A+<\/script><\/div><\/div>\n<h4>Qualit\u00e4tsinfo:<\/h4>\n<p>Der <b>ZECK<\/b>stick ist ein Produkt aus der Region Allg\u00e4u, hergestellt mit h\u00f6chster Pr\u00e4zision und Qualit\u00e4tstreue. Die Farbe der bunten Zecksticks kann leicht vom Bild abweichen.<\/p>\n<h4>Lesen Sie mehr zum Thema:<\/h4>\n<ul>\n<li><a href=\"https:\/\/www.zeckstick.de\/index.php\/portfolio\/was-ist-eine-zecke\/\" target=\"_blank\" rel=\"noopener noreferrer\">Was ist eine Zecke?<\/a><\/li>\n<li><a href=\"https:\/\/www.zeckstick.de\/index.php\/portfolio\/zeckengefahr\/\" target=\"_blank\" rel=\"noopener noreferrer\">Zeckengefahr!<\/a><\/li>\n<li><a href=\"https:\/\/www.zeckstick.de\/index.php\/portfolio\/wandern-und-reisen\/\" target=\"_blank\" rel=\"noopener noreferrer\">Wandern und Reisen<\/a><\/li>\n<li><a href=\"https:\/\/www.zeckstick.de\/index.php\/portfolio\/schuetzen-sie-ihre-familie-vor-zecken\/\" target=\"_blank\" rel=\"noopener noreferrer\">Sch\u00fctzen Sie Ihre Familie<\/a><\/li>\n<li><a href=\"https:\/\/www.zeckstick.de\/index.php\/portfolio\/zecken-bei-hund-und-katze\/\" target=\"_blank\" rel=\"noopener noreferrer\">Zecken bei Tieren<\/a><\/li>\n<li><a href=\"https:\/\/www.zeckstick.de\/index.php\/portfolio\/fsme-risikogebiete-mit-interaktiver-karte\/\" target=\"_blank\" rel=\"noopener noreferrer\">FSME Risikogebiete<\/a><\/li>\n<\/ul>\n<p>&nbsp;<\/p>\n","protected":false},"excerpt":{"rendered":"<p>10 Zecksticks mit Kartonverpackung und Anleitung f\u00fcr den Holz- und Kunststoff-Aufsteller. Zum Wiederverkauf!<\/p>\n","protected":false},"featured_media":1908,"comment_status":"open","ping_status":"closed","template":"","meta":[],"product_cat":[41],"product_tag":[819,820,821,46,47],"_links":{"self":[{"href":"https:\/\/www.zeckstick.de\/index.php\/wp-json\/wp\/v2\/product\/1892"}],"collection":[{"href":"https:\/\/www.zeckstick.de\/index.php\/wp-json\/wp\/v2\/product"}],"about":[{"href":"https:\/\/www.zeckstick.de\/index.php\/wp-json\/wp\/v2\/types\/product"}],"replies":[{"embeddable":true,"href":"https:\/\/www.zeckstick.de\/index.php\/wp-json\/wp\/v2\/comments?post=1892"}],"wp:featuredmedia":[{"embeddable":true,"href":"https:\/\/www.zeckstick.de\/index.php\/wp-json\/wp\/v2\/media\/1908"}],"wp:attachment":[{"href":"https:\/\/www.zeckstick.de\/index.php\/wp-json\/wp\/v2\/media?parent=1892"}],"wp:term":[{"taxonomy":"product_cat","embeddable":true,"href":"https:\/\/www.zeckstick.de\/index.php\/wp-json\/wp\/v2\/product_cat?post=1892"},{"taxonomy":"product_tag","embeddable":true,"href":"https:\/\/www.zeckstick.de\/index.php\/wp-json\/wp\/v2\/product_tag?post=1892"}],"curies":[{"name":"wp","href":"https:\/\/api.w.org\/{rel}","templated":true}]}}