{"id":123,"date":"2017-05-30T11:29:35","date_gmt":"2017-05-30T09:29:35","guid":{"rendered":"https:\/\/www.zeckstick.de\/?post_type=product&#038;p=123"},"modified":"2026-05-03T12:17:34","modified_gmt":"2026-05-03T10:17:34","slug":"zeckstick-der-profi","status":"publish","type":"product","link":"https:\/\/www.zeckstick.de\/index.php\/produkt\/zeckstick-der-profi\/","title":{"rendered":"<b>ZECK<\/b>stick Edelstahl: DAS PROFI-WERKZEUG"},"content":{"rendered":"<h3><b>ZECK<\/b>stick &#8211; Der Profi<\/h3>\n<p>Der lange und gerillte Griff kann sicher und mit gutem Halt gef\u00fchrt werden. Dabei kann gen\u00fcgend Kraft entwickelt werden um auch stark festgebissene Zecken sicher zu entfernen. Ein sterilisierbares Instrument f\u00fcr \u00c4rzte aber auch Schulen, Kinderg\u00e4rten oder Vereine. Geeignet f\u00fcr Mensch und Tier.<\/p>\n<p>&#8211; Durchmesser: 8mm<br \/>\n&#8211; L\u00e4nge: 150 mm<br \/>\n&#8211; Gewicht: 150 g<\/p>\n<p><b>ZECK<\/b>stick &#8211; Der Profi wird in einer Kunststoffbox mit 160 mm L\u00e4nge und 15 mm \u00d8 verschickt.<\/p>\n<h2>Zecken schnell und profesionell entfernen<\/h2>\n<p>Um eine Zecke schnell zu entfernen muss Sie auch schnell gefunden werden. Gehen Sie deshalb auf Nummer sicher. Suchen Sie Ihre Familie und Ihre Tiere regelm\u00e4\u00dfig nach Zecken ab. Sollten Sie eine Zecke entdecken, ist <b>ZECK<\/b>stick &#8211; Der Profi rasch zur Hand um die Zecke schnell entfernen zu k\u00f6nnen. <b>ZECK<\/b>stick &#8211; Der Profi ist ein handliches und hochwertiges Werkzeug aus Edelstahl, der eigens dazu entwickelt wurde, festgebissene Zecken schnell und sicher entfernen zu k\u00f6nnen. Der Schlitz ist so geformt, dass er unter den Kopf der Zecke geschoben wird ohne beim Aushebeln die Zecke zu quetschen und mindert so das Infektionsrisiko.<\/p>\n<div style=\"width: 640px;\" class=\"wp-video\"><!--[if lt IE 9]><script>document.createElement('video');<\/script><![endif]-->\n<video class=\"wp-video-shortcode\" id=\"video-123-1\" width=\"640\" height=\"352\" preload=\"metadata\" controls=\"controls\"><source type=\"video\/mp4\" src=\"https:\/\/www.zeckstick.de\/wp-content\/uploads\/2017\/05\/IAYN3836.mp4?_=1\" \/><a href=\"https:\/\/www.zeckstick.de\/wp-content\/uploads\/2017\/05\/IAYN3836.mp4\">https:\/\/www.zeckstick.de\/wp-content\/uploads\/2017\/05\/IAYN3836.mp4<\/a><\/video><\/div>\n<p>Der <b>ZECK<\/b>stick ist ein Produkt aus der Region Allg\u00e4u, hergestellt mit h\u00f6chster Pr\u00e4zision und Qualit\u00e4tstreue. Ihre Gesundheit liegt uns am Herzen, daher vertrauen Sie <b>ZECK<\/b>stick | einfach, schnell, sicher.<\/p>\n<p><a href=\"https:\/\/www.zeckstick.de\/wp-content\/uploads\/2017\/06\/Zeckstick-Entfernungsanleitung.pdf\">Klicken Sie hier, f\u00fcr die Anleitung des <strong>ZECK<\/strong>stick<\/a><\/p>\n","protected":false},"excerpt":{"rendered":"<p>Dieses l\u00e4ngere Modell eignet sich vor allem f\u00fcr Arztpraxen und Kliniken.<\/p>\n","protected":false},"featured_media":419,"comment_status":"open","ping_status":"closed","template":"","meta":[],"product_cat":[41],"product_tag":[49,46,47,48],"_links":{"self":[{"href":"https:\/\/www.zeckstick.de\/index.php\/wp-json\/wp\/v2\/product\/123"}],"collection":[{"href":"https:\/\/www.zeckstick.de\/index.php\/wp-json\/wp\/v2\/product"}],"about":[{"href":"https:\/\/www.zeckstick.de\/index.php\/wp-json\/wp\/v2\/types\/product"}],"replies":[{"embeddable":true,"href":"https:\/\/www.zeckstick.de\/index.php\/wp-json\/wp\/v2\/comments?post=123"}],"wp:featuredmedia":[{"embeddable":true,"href":"https:\/\/www.zeckstick.de\/index.php\/wp-json\/wp\/v2\/media\/419"}],"wp:attachment":[{"href":"https:\/\/www.zeckstick.de\/index.php\/wp-json\/wp\/v2\/media?parent=123"}],"wp:term":[{"taxonomy":"product_cat","embeddable":true,"href":"https:\/\/www.zeckstick.de\/index.php\/wp-json\/wp\/v2\/product_cat?post=123"},{"taxonomy":"product_tag","embeddable":true,"href":"https:\/\/www.zeckstick.de\/index.php\/wp-json\/wp\/v2\/product_tag?post=123"}],"curies":[{"name":"wp","href":"https:\/\/api.w.org\/{rel}","templated":true}]}}