{"id":761,"date":"2017-08-29T16:20:29","date_gmt":"2017-08-29T14:20:29","guid":{"rendered":"https:\/\/www.zeckstick.de\/?page_id=761"},"modified":"2018-07-10T15:42:07","modified_gmt":"2018-07-10T13:42:07","slug":"die-zecke","status":"publish","type":"page","link":"https:\/\/www.zeckstick.de\/index.php\/die-zecke\/","title":{"rendered":"Zeckeninfo"},"content":{"rendered":"<div id=\"pl-761\"  class=\"panel-layout\" >\n<div id=\"pg-761-0\"  class=\"panel-grid panel-has-style\"  data-style=\"{&quot;row_css&quot;:&quot;margin-top:-60px;&quot;,&quot;background&quot;:&quot;#eaeaea&quot;,&quot;background_image_attachment&quot;:&quot;748&quot;,&quot;background_image_attachment_fallback&quot;:false,&quot;background_display&quot;:&quot;parallax&quot;,&quot;bottom_margin&quot;:&quot;0px&quot;,&quot;gutter&quot;:&quot;0px&quot;,&quot;row_stretch&quot;:&quot;full-stretched&quot;,&quot;cell_alignment&quot;:&quot;center&quot;}\" >\n<div class=\"siteorigin-panels-stretch panel-row-style panel-row-style-for-761-0\" data-siteorigin-parallax=\"{&quot;backgroundUrl&quot;:&quot;https:\\\/\\\/www.zeckstick.de\\\/wp-content\\\/uploads\\\/2017\\\/08\\\/Fotolia_65978097_Subscription_Monthly_M-1-1-1-1.jpg&quot;,&quot;backgroundSize&quot;:[1500,1000],&quot;backgroundSizing&quot;:&quot;scaled&quot;,&quot;limitMotion&quot;:&quot;auto&quot;}\" data-stretch-type=\"full-stretched\" >\n<div id=\"pgc-761-0-0\"  class=\"panel-grid-cell panel-grid-cell-empty\"  data-weight=\"0.2\" ><\/div>\n<div id=\"pgc-761-0-1\"  class=\"panel-grid-cell panel-grid-cell-mobile-last\"  data-weight=\"0.6\" >\n<div id=\"panel-761-0-1-0\" class=\"so-panel widget widget_siteorigin-panels-builder panel-first-child panel-last-child\" data-index=\"0\" data-style=\"{&quot;widget_css&quot;:&quot;background-color:white;&quot;,&quot;padding&quot;:&quot;25px 25px 25px 25px&quot;,&quot;mobile_padding&quot;:&quot;10px 10px 10px 10px&quot;,&quot;background_image_attachment&quot;:false,&quot;background_display&quot;:&quot;tile&quot;}\" >\n<div class=\"panel-widget-style panel-widget-style-for-761-0-1-0\" >\n<div id=\"pl-w5ad1d28f51f37\"  class=\"panel-layout\" >\n<div id=\"pg-w5ad1d28f51f37-0\"  class=\"panel-grid panel-no-style\" >\n<div id=\"pgc-w5ad1d28f51f37-0-0\"  class=\"panel-grid-cell\"  data-weight=\"1\" >\n<div id=\"panel-w5ad1d28f51f37-0-0-0\" class=\"so-panel widget widget_sow-headline panel-first-child\" data-index=\"0\" data-style=\"{&quot;id&quot;:&quot;&quot;,&quot;class&quot;:&quot;&quot;,&quot;widget_css&quot;:&quot;&quot;,&quot;mobile_css&quot;:&quot;&quot;,&quot;padding&quot;:&quot;&quot;,&quot;mobile_padding&quot;:&quot;&quot;,&quot;background&quot;:&quot;&quot;,&quot;background_image_attachment&quot;:&quot;0&quot;,&quot;background_display&quot;:&quot;tile&quot;,&quot;border_color&quot;:&quot;&quot;,&quot;font_color&quot;:&quot;&quot;,&quot;link_color&quot;:&quot;&quot;}\" >[siteorigin_widget class=&#8220;SiteOrigin_Widget_Headline_Widget&#8220;]<input type=\"hidden\" value=\"{&quot;instance&quot;:{&quot;headline&quot;:{&quot;text&quot;:&quot;Die Zecke&quot;,&quot;destination_url&quot;:&quot;&quot;,&quot;tag&quot;:&quot;h1&quot;,&quot;color&quot;:&quot;#444444&quot;,&quot;hover_color&quot;:false,&quot;font&quot;:&quot;default&quot;,&quot;font_size&quot;:false,&quot;font_size_unit&quot;:&quot;px&quot;,&quot;align&quot;:&quot;left&quot;,&quot;line_height&quot;:false,&quot;line_height_unit&quot;:&quot;px&quot;,&quot;margin&quot;:false,&quot;margin_unit&quot;:&quot;px&quot;,&quot;so_field_container_state&quot;:&quot;open&quot;,&quot;new_window&quot;:false},&quot;sub_headline&quot;:{&quot;text&quot;:&quot;&quot;,&quot;destination_url&quot;:&quot;&quot;,&quot;tag&quot;:&quot;h3&quot;,&quot;color&quot;:false,&quot;hover_color&quot;:false,&quot;font&quot;:&quot;default&quot;,&quot;font_size&quot;:false,&quot;font_size_unit&quot;:&quot;px&quot;,&quot;align&quot;:&quot;center&quot;,&quot;line_height&quot;:false,&quot;line_height_unit&quot;:&quot;px&quot;,&quot;margin&quot;:false,&quot;margin_unit&quot;:&quot;px&quot;,&quot;so_field_container_state&quot;:&quot;closed&quot;,&quot;new_window&quot;:false},&quot;divider&quot;:{&quot;style&quot;:&quot;solid&quot;,&quot;color&quot;:&quot;#eeee22&quot;,&quot;thickness&quot;:1,&quot;align&quot;:&quot;left&quot;,&quot;width&quot;:&quot;100%&quot;,&quot;width_unit&quot;:&quot;%&quot;,&quot;margin&quot;:&quot;10px&quot;,&quot;margin_unit&quot;:&quot;px&quot;,&quot;so_field_container_state&quot;:&quot;open&quot;},&quot;order&quot;:[&quot;headline&quot;,&quot;divider&quot;,&quot;sub_headline&quot;],&quot;fittext_compressor&quot;:0.84999999999999998,&quot;_sow_form_id&quot;:&quot;59a57c86618b8&quot;,&quot;_sow_form_timestamp&quot;:&quot;1504017622590&quot;,&quot;fittext&quot;:false},&quot;args&quot;:{&quot;before_widget&quot;:&quot;&lt;div id=\\&quot;panel-w5ad1d28f51f37-0-0-0\\&quot; class=\\&quot;so-panel widget widget_sow-headline panel-first-child\\&quot; data-index=\\&quot;0\\&quot; data-style=\\&quot;{&amp;quot;id&amp;quot;:&amp;quot;&amp;quot;,&amp;quot;class&amp;quot;:&amp;quot;&amp;quot;,&amp;quot;widget_css&amp;quot;:&amp;quot;&amp;quot;,&amp;quot;mobile_css&amp;quot;:&amp;quot;&amp;quot;,&amp;quot;padding&amp;quot;:&amp;quot;&amp;quot;,&amp;quot;mobile_padding&amp;quot;:&amp;quot;&amp;quot;,&amp;quot;background&amp;quot;:&amp;quot;&amp;quot;,&amp;quot;background_image_attachment&amp;quot;:&amp;quot;0&amp;quot;,&amp;quot;background_display&amp;quot;:&amp;quot;tile&amp;quot;,&amp;quot;border_color&amp;quot;:&amp;quot;&amp;quot;,&amp;quot;font_color&amp;quot;:&amp;quot;&amp;quot;,&amp;quot;link_color&amp;quot;:&amp;quot;&amp;quot;}\\&quot; &gt;&quot;,&quot;after_widget&quot;:&quot;&lt;\\\/div&gt;&quot;,&quot;before_title&quot;:&quot;&lt;h3 class=\\&quot;widget-title\\&quot;&gt;&quot;,&quot;after_title&quot;:&quot;&lt;\\\/h3&gt;&quot;,&quot;widget_id&quot;:&quot;widget-0-0-0&quot;}}\" \/>[\/siteorigin_widget]<\/div>\n<div id=\"panel-w5ad1d28f51f37-0-0-1\" class=\"so-panel widget widget_sow-editor panel-last-child\" data-index=\"1\" data-style=\"{&quot;id&quot;:&quot;&quot;,&quot;class&quot;:&quot;&quot;,&quot;widget_css&quot;:&quot;&quot;,&quot;mobile_css&quot;:&quot;&quot;,&quot;padding&quot;:&quot;&quot;,&quot;mobile_padding&quot;:&quot;&quot;,&quot;background&quot;:&quot;&quot;,&quot;background_image_attachment&quot;:&quot;0&quot;,&quot;background_display&quot;:&quot;tile&quot;,&quot;border_color&quot;:&quot;&quot;,&quot;font_color&quot;:&quot;&quot;,&quot;link_color&quot;:&quot;&quot;}\" >\n<div class=\"so-widget-sow-editor so-widget-sow-editor-base\">\n<div class=\"siteorigin-widget-tinymce textwidget\">\n<p>Die Zecke ist ein weltweit verbreiteter Parasit, der sich vom Blut zahlreicher Wirbeltiere ern\u00e4hrt. Der Blutverlust ist f\u00fcr den Wirt \u2013 ob Mensch oder Tier \u2013 in der Regel nicht das Problem. Die Zecke hat vielmehr als \u00dcbertr\u00e4ger von Krankheitserregern auf Mensch und Tier zweifelhafte Ber\u00fchmtheit erlangt.<\/p>\n<p><img loading=\"lazy\" decoding=\"async\" class=\"alignnone wp-image-690 size-medium\" src=\"https:\/\/www.zeckstick.de\/wp-content\/uploads\/2017\/08\/Fotolia_65978097_Subscription_Monthly_M-300x200.jpg\" alt=\"Die Zecke | Gef\u00e4hrlicher \u00dcbertr\u00e4ger von Krankheiten\" width=\"300\" height=\"200\" srcset=\"https:\/\/www.zeckstick.de\/wp-content\/uploads\/2017\/08\/Fotolia_65978097_Subscription_Monthly_M-300x200.jpg 300w, https:\/\/www.zeckstick.de\/wp-content\/uploads\/2017\/08\/Fotolia_65978097_Subscription_Monthly_M-510x340.jpg 510w, https:\/\/www.zeckstick.de\/wp-content\/uploads\/2017\/08\/Fotolia_65978097_Subscription_Monthly_M-768x512.jpg 768w, https:\/\/www.zeckstick.de\/wp-content\/uploads\/2017\/08\/Fotolia_65978097_Subscription_Monthly_M-1024x683.jpg 1024w, https:\/\/www.zeckstick.de\/wp-content\/uploads\/2017\/08\/Fotolia_65978097_Subscription_Monthly_M-416x277.jpg 416w, https:\/\/www.zeckstick.de\/wp-content\/uploads\/2017\/08\/Fotolia_65978097_Subscription_Monthly_M-272x182.jpg 272w, https:\/\/www.zeckstick.de\/wp-content\/uploads\/2017\/08\/Fotolia_65978097_Subscription_Monthly_M.jpg 1500w\" sizes=\"(max-width: 300px) 100vw, 300px\" \/><\/p>\n<div class=\"p-163 paragraph paragraph--type--text paragraph--view-mode--default\">\n<div class=\"clearfix text-formatted field field--name-field-text-demo field--type-text-long field--label-hidden field__item\">\n<h2 id=\"spinnentier-zecke\">Spinnentier Zecke<\/h2>\n<p>Zecken z\u00e4hlen biologisch zur Klasse der Spinnentiere. Das erkennt man beispielsweise an den acht Beinen erwachsener Zecken. Noch genauer geh\u00f6rt die Zecke zu der Gruppe der Milben. Dar\u00fcber hinaus ist die Zecke ein hochspezialisiertes Tier, das durch K\u00f6rperbau und Verhalten hervorragend an seine Umwelt angepasst ist. Als Parasit braucht sie andere Lebewesen, von deren Blut sie sich ern\u00e4hrt \u2013 \u00e4hnlich wie eine Stechm\u00fccke.<\/p>\n<h2 id=\"blutsauger-zecke\">Blutsauger Zecke<\/h2>\n<p>Doch im Vergleich zu Stechm\u00fccken brauchen Zecken viel mehr Blut. Im Extremfall h\u00e4ngen sie bis zu 15 Tage an ihrem Wirt (Tiere und Menschen) und trinken dessen Blut. Daf\u00fcr suchen sie sich an ihrem Opfer eine <a href=\"https:\/\/www.zecken.de\/de\/wohin-sticht-die-zecke\">geeignete Stelle<\/a>, etwa beim Menschen die Achselh\u00f6hle oder den Genitalbereich, um festen Halt zu haben. So \u00fcberstehen die Zecken unbeschadet auch das ein oder andere Kratzen oder Scheuern.<\/p>\n<\/div>\n<\/div>\n<\/div>\n<\/div>\n<\/div>\n<\/div>\n<\/div>\n<\/div>\n<\/div>\n<\/div>\n<\/div>\n<div id=\"pgc-761-0-2\"  class=\"panel-grid-cell panel-grid-cell-empty\"  data-weight=\"0.2\" ><\/div>\n<\/div>\n<\/div>\n<div id=\"pg-761-1\"  class=\"panel-grid panel-has-style\"  data-style=\"{&quot;row_css&quot;:&quot;margin-top:-50px;&quot;,&quot;background_display&quot;:&quot;parallax&quot;,&quot;bottom_margin&quot;:&quot;0px&quot;,&quot;gutter&quot;:&quot;0px&quot;,&quot;row_stretch&quot;:&quot;full-stretched&quot;,&quot;cell_alignment&quot;:&quot;center&quot;}\" >\n<div class=\"siteorigin-panels-stretch panel-row-style panel-row-style-for-761-1\" data-stretch-type=\"full-stretched\" >\n<div id=\"pgc-761-1-0\"  class=\"panel-grid-cell panel-grid-cell-empty\"  data-weight=\"0.2\" ><\/div>\n<div id=\"pgc-761-1-1\"  class=\"panel-grid-cell panel-grid-cell-mobile-last\"  data-weight=\"0.6\" >\n<div id=\"panel-761-1-1-0\" class=\"so-panel widget widget_siteorigin-panels-builder panel-first-child panel-last-child\" data-index=\"1\" data-style=\"{&quot;widget_css&quot;:&quot;background-color:white;&quot;,&quot;padding&quot;:&quot;25px 25px 25px 25px&quot;,&quot;mobile_padding&quot;:&quot;10px 10px 10px 10px&quot;,&quot;background_display&quot;:&quot;tile&quot;}\" >\n<div class=\"panel-widget-style panel-widget-style-for-761-1-1-0\" >\n<div id=\"pl-w5ad1d252e1a94\"  class=\"panel-layout\" >\n<div id=\"pg-w5ad1d252e1a94-0\"  class=\"panel-grid panel-no-style\" >\n<div id=\"pgc-w5ad1d252e1a94-0-0\"  class=\"panel-grid-cell\"  data-weight=\"1\" >\n<div id=\"panel-w5ad1d252e1a94-0-0-0\" class=\"so-panel widget widget_sow-editor panel-first-child panel-last-child\" data-index=\"0\" data-style=\"{&quot;id&quot;:&quot;&quot;,&quot;class&quot;:&quot;&quot;,&quot;widget_css&quot;:&quot;&quot;,&quot;mobile_css&quot;:&quot;&quot;,&quot;padding&quot;:&quot;&quot;,&quot;mobile_padding&quot;:&quot;&quot;,&quot;background&quot;:&quot;&quot;,&quot;background_image_attachment&quot;:&quot;0&quot;,&quot;background_display&quot;:&quot;tile&quot;,&quot;border_color&quot;:&quot;&quot;,&quot;font_color&quot;:&quot;&quot;,&quot;link_color&quot;:&quot;&quot;}\" >\n<div class=\"so-widget-sow-editor so-widget-sow-editor-base\">\n<div class=\"siteorigin-widget-tinymce textwidget\">\n<h2 id=\"blutsauger-zecke\">Blutsauger Zecke<\/h2>\n<p>Doch im Vergleich zu Stechm\u00fccken brauchen Zecken viel mehr Blut. Im Extremfall h\u00e4ngen sie bis zu 15 Tage an ihrem Wirt (Tiere und Menschen) und trinken dessen Blut. Daf\u00fcr suchen sie sich an ihrem Opfer eine <a href=\"https:\/\/www.zecken.de\/de\/wohin-sticht-die-zecke\">geeignete Stelle<\/a>, etwa beim Menschen die Achselh\u00f6hle oder den Genitalbereich, um festen Halt zu haben. So \u00fcberstehen die Zecken unbeschadet auch das ein oder andere Kratzen oder Scheuern.<\/p>\n<h2 id=\"zecken-in-deutschland\">Zecken in Deutschland<\/h2>\n<p>In Deutschland ist der Gemeine Holzbock, Fachbegriff <em>Ixodes ricinus<\/em>, die Zeckenart, die am weitesten verbreitet ist und den Menschen am h\u00e4ufigsten sticht. Sie geh\u00f6rt zur Familie der Schildzecken. Ist die Zecke mit <a href=\"https:\/\/www.zecken.de\/de\/gefahr-durch-zecken-0\">Krankheitserregern<\/a> infiziert, kann auch in Deutschland ein an und f\u00fcr sich harmloser Zeckenstich zur Gefahr f\u00fcr den Menschen werden. Dabei gelangen die Krankheitserreger aus den Speicheldr\u00fcsen oder dem Darm der Zecke \u00fcber den Stechapparat in den K\u00f6rper des Blutwirts. Die richtige Vorsorge ist daher wichtig.<\/p>\n<p><img loading=\"lazy\" decoding=\"async\" class=\"alignnone size-medium wp-image-692\" src=\"https:\/\/www.zeckstick.de\/wp-content\/uploads\/2017\/08\/Fotolia_112538980_Subscription_Monthly_M-300x200.jpg\" alt=\"\" width=\"300\" height=\"200\" srcset=\"https:\/\/www.zeckstick.de\/wp-content\/uploads\/2017\/08\/Fotolia_112538980_Subscription_Monthly_M-300x200.jpg 300w, https:\/\/www.zeckstick.de\/wp-content\/uploads\/2017\/08\/Fotolia_112538980_Subscription_Monthly_M-510x340.jpg 510w, https:\/\/www.zeckstick.de\/wp-content\/uploads\/2017\/08\/Fotolia_112538980_Subscription_Monthly_M-768x512.jpg 768w, https:\/\/www.zeckstick.de\/wp-content\/uploads\/2017\/08\/Fotolia_112538980_Subscription_Monthly_M-1024x683.jpg 1024w, https:\/\/www.zeckstick.de\/wp-content\/uploads\/2017\/08\/Fotolia_112538980_Subscription_Monthly_M-416x277.jpg 416w, https:\/\/www.zeckstick.de\/wp-content\/uploads\/2017\/08\/Fotolia_112538980_Subscription_Monthly_M-272x182.jpg 272w, https:\/\/www.zeckstick.de\/wp-content\/uploads\/2017\/08\/Fotolia_112538980_Subscription_Monthly_M.jpg 1500w\" sizes=\"(max-width: 300px) 100vw, 300px\" \/><\/p>\n<div class=\"col-sm-8\">\n<div class=\"clearfix text-formatted field field--name-field-text-demo field--type-text-long field--label-hidden field__item\">\n<h3 id=\"welche-erreger-zecken-bertragen\">Welche Erreger Zecken \u00fcbertragen<\/h3>\n<p><span lang=\"EN-GB\" xml:lang=\"EN-GB\">Ist die Zecke mit Krankheitserregern infiziert, kann\u00a0ein an und f\u00fcr sich harmloser Zeckenstich zur Gefahr f\u00fcr den Menschen werden. Eine umfassende Vorsorge ist daher unbedingt notwendig.<\/span><\/p>\n<p>&gt; <a href=\"http:\/\/www.zecken.de\/de-mobile\/krankheit-fsme\">Krankheit FSME<\/a><br \/>\n&gt; <a href=\"http:\/\/www.zecken.de\/de-mobile\/krankheit-borreliose\">Krankheit Borreliose<\/a><\/p>\n<div class=\"p-165 paragraph paragraph--type--text paragraph--view-mode--default\">\n<div class=\"clearfix text-formatted field field--name-field-text-demo field--type-text-long field--label-hidden field__item\">\n<h3 id=\"der-krperbau-der-zecke\">Der K\u00f6rperbau der Zecke<\/h3>\n<p>Am \u201eKopf\u201c der Zecke befinden sich die Stech- und Saugorgane zur Nahrungsaufnahme. Am vorderen Beinpaar sitzen die wichtigsten Sinnesorgane und die kr\u00e4ftigen Klauen, mit denen sich Zecken an ihren Opfern festhalten. Die Atem\u00f6ffnungen befinden sich hinter dem letzten Beinpaar. Die Geschlechtsteile sitzen am unteren Teil des Bauchs.<\/p>\n<p><img loading=\"lazy\" decoding=\"async\" class=\"alignnone size-full wp-image-720\" src=\"https:\/\/www.zeckstick.de\/wp-content\/uploads\/2017\/08\/csm_Saugwerkzeug-der-Zecke_c048cb3fb3_0.jpg\" alt=\"\" width=\"220\" height=\"265\" \/><\/p>\n<div class=\"col-sm-8\">\n<div class=\"clearfix text-formatted field field--name-field-text-demo field--type-text-long field--label-hidden field__item\">\n<h3 id=\"wie-die-zecke-sticht\">Wie die Zecke sticht<\/h3>\n<p>Die Zecke hat einen hochentwickelten Stechapparat. Mit ihren scherenartigen Mundwerkzeugen (Cheliceren) rei\u00dft sie die Haut des Wirts auf und gr\u00e4bt mit ihrem \u201eStachel\u201c (Hypostom) eine Grube in das Gewebe, das sich an der Stichstelle mit Blut\u00a0f\u00fcllt. Nachflie\u00dfendes Blut saugt die Zecke immer wieder ab.<\/p>\n<div class=\"p-181 paragraph paragraph--type--text paragraph--view-mode--default\">\n<div class=\"clearfix text-formatted field field--name-field-text-demo field--type-text-long field--label-hidden field__item\">\n<h3 id=\"verhakt-und-verklebt\">Verhakt und verklebt<\/h3>\n<p>Der Stechapparat der Zecke selbst hat zahlreiche kleine Widerhaken, die symmetrisch angeordnet sind. Mit ihnen h\u00e4lt sich die Zecke an ihrem Wirt fest.<br \/>\nZeckenarten mit einem k\u00fcrzeren Stechapparat produzieren nach dem Stich zus\u00e4tzlich eine Art Klebstoff und verkleben sich mit dem Wirt.<\/p>\n<p><img loading=\"lazy\" decoding=\"async\" class=\"alignnone wp-image-721 size-full\" src=\"https:\/\/www.zeckstick.de\/wp-content\/uploads\/2017\/08\/vollgesogene-Zecke.jpg\" alt=\"\" width=\"720\" height=\"339\" srcset=\"https:\/\/www.zeckstick.de\/wp-content\/uploads\/2017\/08\/vollgesogene-Zecke.jpg 720w, https:\/\/www.zeckstick.de\/wp-content\/uploads\/2017\/08\/vollgesogene-Zecke-510x240.jpg 510w, https:\/\/www.zeckstick.de\/wp-content\/uploads\/2017\/08\/vollgesogene-Zecke-300x141.jpg 300w, https:\/\/www.zeckstick.de\/wp-content\/uploads\/2017\/08\/vollgesogene-Zecke-416x196.jpg 416w\" sizes=\"(max-width: 720px) 100vw, 720px\" \/><\/p>\n<div class=\"p-183 paragraph paragraph--type--text paragraph--view-mode--default\">\n<div class=\"clearfix text-formatted field field--name-field-text-demo field--type-text-long field--label-hidden field__item\">\n<h3 id=\"wie-gro-werden-zecken\">Wie gro\u00df werden Zecken?<\/h3>\n<p>Blut l\u00e4sst die Zecke wachsen. Die Zecke saugt das Blut ohne Umwege in ihren Darm. Durch das Blutsaugen steigt ihr Eigengewicht um ein Vielfaches. Denn der Darm besteht aus vielen Anh\u00e4ngen und ist so dehnbar, dass eine vollgesaugte Zecke bis zu 200-mal so viel wiegen kann wie eine hungrige.<\/p>\n<h3 id=\"wie-lange-leben-zecken\">Wie lange leben Zecken?<\/h3>\n<p>Mit einer einzigen Blutmahlzeit kann eine Zecke sehr lange \u00fcberleben. Unter Testbedingungen im Labor konnten Zecken, die vorher Blut gesaugt hatten, bis zu zehn Jahre lang ohne weitere Nahrung auskommen.<\/p>\n<p><a href=\"https:\/\/www.zeckstick.de\/index.php\/produkt\/zeckstick-der-praktische-entfernt-zecken-nach-zeckenbiss\/\">Jetzt Zeckenenferner kaufen<\/a><\/p>\n<\/div>\n<\/div>\n<\/div>\n<\/div>\n<\/div>\n<\/div>\n<\/div>\n<\/div>\n<\/div>\n<\/div>\n<\/div>\n<\/div>\n<\/div>\n<\/div>\n<\/div>\n<\/div>\n<\/div>\n<\/div>\n<\/div>\n<div id=\"pgc-761-1-2\"  class=\"panel-grid-cell panel-grid-cell-empty\"  data-weight=\"0.2\" ><\/div>\n<\/div>\n<\/div>\n<\/div>\n","protected":false},"excerpt":{"rendered":"[siteorigin_widget class=&#8220;SiteOrigin_Widget_Headline_Widget&#8220;][\/siteorigin_widget] Die Zecke ist ein weltweit verbreiteter Parasit, der sich vom Blut zahlreicher Wirbeltiere ern\u00e4hrt. Der Blutverlust ist f\u00fcr den Wirt \u2013 ob Mensch oder Tier \u2013 in der Regel nicht das Problem. Die Zecke hat vielmehr als \u00dcbertr\u00e4ger von Krankheitserregern auf Mensch und Tier zweifelhafte Ber\u00fchmtheit erlangt. Spinnentier Zecke Zecken z\u00e4hlen biologisch zur [&#8230;]\n","protected":false},"author":6,"featured_media":0,"parent":0,"menu_order":0,"comment_status":"closed","ping_status":"closed","template":"","meta":{"footnotes":""},"_links":{"self":[{"href":"https:\/\/www.zeckstick.de\/index.php\/wp-json\/wp\/v2\/pages\/761"}],"collection":[{"href":"https:\/\/www.zeckstick.de\/index.php\/wp-json\/wp\/v2\/pages"}],"about":[{"href":"https:\/\/www.zeckstick.de\/index.php\/wp-json\/wp\/v2\/types\/page"}],"author":[{"embeddable":true,"href":"https:\/\/www.zeckstick.de\/index.php\/wp-json\/wp\/v2\/users\/6"}],"replies":[{"embeddable":true,"href":"https:\/\/www.zeckstick.de\/index.php\/wp-json\/wp\/v2\/comments?post=761"}],"version-history":[{"count":51,"href":"https:\/\/www.zeckstick.de\/index.php\/wp-json\/wp\/v2\/pages\/761\/revisions"}],"predecessor-version":[{"id":948,"href":"https:\/\/www.zeckstick.de\/index.php\/wp-json\/wp\/v2\/pages\/761\/revisions\/948"}],"wp:attachment":[{"href":"https:\/\/www.zeckstick.de\/index.php\/wp-json\/wp\/v2\/media?parent=761"}],"curies":[{"name":"wp","href":"https:\/\/api.w.org\/{rel}","templated":true}]}}