{"id":382,"date":"2017-06-07T15:24:07","date_gmt":"2017-06-07T13:24:07","guid":{"rendered":"https:\/\/www.zeckstick.de\/?page_id=382"},"modified":"2023-02-02T20:13:07","modified_gmt":"2023-02-02T19:13:07","slug":"ueber-uns","status":"publish","type":"page","link":"https:\/\/www.zeckstick.de\/index.php\/ueber-uns\/","title":{"rendered":"\u00dcber uns"},"content":{"rendered":"<div id=\"pl-382\"  class=\"panel-layout\" >\n<div id=\"pg-382-0\"  class=\"panel-grid panel-has-style\"  data-style=\"{&quot;padding&quot;:&quot;22px 22px 22px 22px&quot;,&quot;background_image_attachment&quot;:false,&quot;background_display&quot;:&quot;tile&quot;,&quot;background_image_size&quot;:&quot;full&quot;,&quot;border_thickness&quot;:&quot;1px&quot;,&quot;cell_alignment&quot;:&quot;flex-start&quot;,&quot;iw-visible-screen&quot;:&quot;iw-all&quot;,&quot;iw-visible-layout&quot;:&quot;iw-all&quot;}\"  data-ratio=\"1\"  data-ratio-direction=\"right\" >\n<div class=\"panel-row-style panel-row-style-for-382-0\" >\n<div id=\"pgc-382-0-0\"  class=\"panel-grid-cell panel-grid-cell-empty\"  data-weight=\"0.15\" ><\/div>\n<div id=\"pgc-382-0-1\"  class=\"panel-grid-cell panel-grid-cell-mobile-last\"  data-weight=\"0.7\" >\n<div id=\"panel-382-0-1-0\" class=\"so-panel widget widget_text panel-first-child panel-last-child\" data-index=\"0\" data-style=\"{&quot;background_image_attachment&quot;:false,&quot;background_display&quot;:&quot;tile&quot;,&quot;iw-visible-screen&quot;:&quot;iw-all&quot;,&quot;iw-visible-layout&quot;:&quot;iw-all&quot;}\" >\n<div class=\"textwidget\">\n<p><em>Die Idee zum ZECKstick entstand an einem fr\u00fchsommerlichen Abend. Mein Sohn kam von seinen Streifz\u00fcgen durch unsere herrliche Allg\u00e4uer Natur nach Hause. &#8220;Ab in die Dusche&#8221; hei\u00dft das erstmal bei einem unternehmungslustigen 10-j\u00e4hrigen. Papa, da ist was am R\u00fccken! &#8211; Mit viel Gefummel konnt ich die Zecke schlie\u00dflich leicht verquetscht entfernen. &#8220;<strong>Das mu\u00df doch besser gehen<\/strong>&#8220;, dacht ich mir. In meiner Firma zmtec konstruiere und fertige ich auch Speziall\u00f6sungen f\u00fcr die Medizintechnik. Klar, da\u00df auch ein <strong>funktionierender Zeckenentferner<\/strong> nun erfunden werden mu\u00dfte. Das war 2015!<br \/>\n<\/em><\/p>\n<p><a href=\"https:\/\/www.zeckstick.de\/index.php\/presse\/\">Presseinformationen dazu finden Sie hier.<\/a><\/p>\n<\/div><\/div>\n<\/div>\n<div id=\"pgc-382-0-2\"  class=\"panel-grid-cell panel-grid-cell-empty\"  data-weight=\"0.15\" ><\/div>\n<\/div>\n<\/div>\n<div id=\"pg-382-1\"  class=\"panel-grid panel-has-style\"  data-style=\"{&quot;padding&quot;:&quot;10px 10px 10px 10px&quot;,&quot;mobile_padding&quot;:&quot;10px 10px 10px 10px&quot;,&quot;background_image_attachment&quot;:false,&quot;background_display&quot;:&quot;tile&quot;,&quot;background_image_size&quot;:&quot;full&quot;,&quot;border_thickness&quot;:&quot;1px&quot;,&quot;gutter&quot;:&quot;50px&quot;,&quot;row_stretch&quot;:&quot;full&quot;,&quot;cell_alignment&quot;:&quot;flex-start&quot;,&quot;iw-visible-screen&quot;:&quot;iw-all&quot;,&quot;iw-visible-layout&quot;:&quot;iw-all&quot;}\"  data-ratio=\"1\"  data-ratio-direction=\"right\" >\n<div class=\"siteorigin-panels-stretch panel-row-style panel-row-style-for-382-1\" data-stretch-type=\"full\" >\n<div id=\"pgc-382-1-0\"  class=\"panel-grid-cell panel-grid-cell-empty\"  data-weight=\"0.155\" ><\/div>\n<div id=\"pgc-382-1-1\"  class=\"panel-grid-cell\"  data-weight=\"0.23\" >\n<div id=\"panel-382-1-1-0\" class=\"so-panel widget widget_sow-editor panel-first-child\" data-index=\"1\" data-style=\"{&quot;background_image_attachment&quot;:false,&quot;background_display&quot;:&quot;tile&quot;,&quot;iw-visible-screen&quot;:&quot;iw-all&quot;,&quot;iw-visible-layout&quot;:&quot;iw-all&quot;}\" >\n<div\n\t\t\t\n\t\t\tclass=\"so-widget-sow-editor so-widget-sow-editor-base\"\n\t\t\t\n\t\t><\/p>\n<div class=\"siteorigin-widget-tinymce textwidget\">\n<h2>zmtec<\/h2>\n<p>Im Januar 2008 gr\u00fcndete Reinhard Buck die Firma <a href=\"http:\/\/zmtec.de\/\">zmtec<\/a> mit Sitz in Leutkirch im Allg\u00e4u. Inzwischen besch\u00e4ftigen wir \u00fcber 20 Mitarbeiterinnen und Mitarbeiter. Wir sind nach ISO 9001:2015 zertifiziert.<\/p>\n<p>Aufgrund der hohen Qualit\u00e4t unserer Erzeugnisse arbeiten wir auch f\u00fcr Branchen der Medizin- und Dentaltechnik. Wir fertigen Speziall\u00f6sungen und auch Hightech Endger\u00e4te.<\/p>\n<\/div>\n<\/div>\n<\/div>\n<div id=\"panel-382-1-1-1\" class=\"so-panel widget widget_sow-editor panel-last-child\" data-index=\"2\" data-style=\"{&quot;padding&quot;:&quot;0px 0px 0px 0px&quot;,&quot;background_image_attachment&quot;:false,&quot;background_display&quot;:&quot;tile&quot;,&quot;margin&quot;:&quot;0px 22px 22px 22px&quot;,&quot;iw-visible-screen&quot;:&quot;iw-all&quot;,&quot;iw-visible-layout&quot;:&quot;iw-all&quot;}\" >\n<div class=\"panel-widget-style panel-widget-style-for-382-1-1-1\" >\n<div\n\t\t\t\n\t\t\tclass=\"so-widget-sow-editor so-widget-sow-editor-base\"\n\t\t\t\n\t\t><\/p>\n<div class=\"siteorigin-widget-tinymce textwidget\">\n<p><a href=\"http:\/\/zmtec.de\/\"><img loading=\"lazy\" decoding=\"async\" class=\" wp-image-397 alignleft\" src=\"https:\/\/www.zeckstick.de\/wp-content\/uploads\/2017\/06\/logo_zmtec.png\" alt=\"\" width=\"201\" height=\"64\" \/><\/a><\/p>\n<\/div>\n<\/div>\n<\/div>\n<\/div>\n<\/div>\n<div id=\"pgc-382-1-2\"  class=\"panel-grid-cell\"  data-weight=\"0.23\" >\n<div id=\"panel-382-1-2-0\" class=\"so-panel widget widget_sow-editor panel-first-child\" data-index=\"3\" data-style=\"{&quot;background_image_attachment&quot;:false,&quot;background_display&quot;:&quot;tile&quot;,&quot;iw-visible-screen&quot;:&quot;iw-all&quot;,&quot;iw-visible-layout&quot;:&quot;iw-all&quot;}\" >\n<div\n\t\t\t\n\t\t\tclass=\"so-widget-sow-editor so-widget-sow-editor-base\"\n\t\t\t\n\t\t><\/p>\n<div class=\"siteorigin-widget-tinymce textwidget\">\n<h2>Patent &#8222;ZECKstick&#8220;<\/h2>\n<p>Im Jahr 2014 haben wir den ZECKstick entwickelt, zum Patent angemeldet und immer wieder technisch optimiert.<\/p>\n<p>Nach zweij\u00e4hriger erfolgreicher Erprobung mit einem Kinderarzt, durch Freunde und unsere Mitarbeiter, haben wir uns 2017 entschlossen den ZECKstick in unserm eigenen Shop zu vertreiben.<\/p>\n<\/div>\n<\/div>\n<\/div>\n<div id=\"panel-382-1-2-1\" class=\"so-panel widget widget_sow-editor panel-last-child\" data-index=\"4\" data-style=\"{&quot;background_image_attachment&quot;:false,&quot;background_display&quot;:&quot;tile&quot;,&quot;margin&quot;:&quot;-5px 12px 12px 12px&quot;,&quot;iw-visible-screen&quot;:&quot;iw-all&quot;,&quot;iw-visible-layout&quot;:&quot;iw-all&quot;}\" >\n<div\n\t\t\t\n\t\t\tclass=\"so-widget-sow-editor so-widget-sow-editor-base\"\n\t\t\t\n\t\t><\/p>\n<div class=\"siteorigin-widget-tinymce textwidget\">\n<p><img loading=\"lazy\" decoding=\"async\" class=\"size-full wp-image-226 alignleft\" src=\"https:\/\/www.zeckstick.de\/wp-content\/uploads\/2017\/06\/zeckstick_Logo_HP.png\" alt=\"Zeckstick Logo\" width=\"200\" height=\"120\" \/><\/p>\n<\/div>\n<\/div>\n<\/div>\n<\/div>\n<div id=\"pgc-382-1-3\"  class=\"panel-grid-cell panel-grid-cell-mobile-last\"  data-weight=\"0.23\" >\n<div id=\"panel-382-1-3-0\" class=\"so-panel widget widget_sow-editor panel-first-child\" data-index=\"5\" data-style=\"{&quot;background_image_attachment&quot;:false,&quot;background_display&quot;:&quot;tile&quot;,&quot;iw-visible-screen&quot;:&quot;iw-all&quot;,&quot;iw-visible-layout&quot;:&quot;iw-all&quot;}\" >\n<div\n\t\t\t\n\t\t\tclass=\"so-widget-sow-editor so-widget-sow-editor-base\"\n\t\t\t\n\t\t><\/p>\n<div class=\"siteorigin-widget-tinymce textwidget\">\n<h2>Allg\u00e4uer Geschenke<\/h2>\n<p>&#8222;Gscheit g\u00b4macht!&#8220; ist auch unser Motto im <a href=\"https:\/\/allgaeuer-geschenke.de\/\" target=\"_blank\" rel=\"noopener\">Allg\u00e4uer Geschenkeshop<\/a> mit ausgefallenen und sehr hochwertigen Geschenken.<\/p>\n<p>Es ist ein Hobby und eine Leidenschaft, praktische Dinge zu erfinden und sch\u00f6n umzusetzen. Garantiert aus dem Allg\u00e4u.<\/p>\n<p><a href=\"https:\/\/allgaeuer-geschenke.de\/\" target=\"_blank\" rel=\"noopener\"><strong>Klicken sie einfach mal rein!<\/strong><\/a><\/p>\n<\/div>\n<\/div>\n<\/div>\n<div id=\"panel-382-1-3-1\" class=\"so-panel widget widget_text panel-last-child\" data-index=\"6\" data-style=\"{&quot;padding&quot;:&quot;22px 22px 22px 22px&quot;,&quot;mobile_padding&quot;:&quot;0px 0px 0px 0px&quot;,&quot;background_image_attachment&quot;:&quot;647&quot;,&quot;background_image_attachment_fallback&quot;:false,&quot;background_display&quot;:&quot;fixed&quot;,&quot;border_color&quot;:&quot;#edd121&quot;,&quot;margin&quot;:&quot;33px 0px 0px 0px&quot;,&quot;iw-visible-screen&quot;:&quot;iw-all&quot;,&quot;iw-visible-layout&quot;:&quot;iw-all&quot;}\" >\n<div class=\"panel-widget-style panel-widget-style-for-382-1-3-1\" >\n<div class=\"textwidget\">\n<p><img decoding=\"async\" loading=\"lazy\" class=\"alignnone size-medium wp-image-1566\" src=\"https:\/\/www.zeckstick.de\/wp-content\/uploads\/2020\/02\/Kuhschelle-300x101.png\" alt=\"Allg\u00e4uer Geschenke - nur echt mit der Kuhschelle\" width=\"300\" height=\"101\" srcset=\"https:\/\/www.zeckstick.de\/wp-content\/uploads\/2020\/02\/Kuhschelle-300x101.png 300w, https:\/\/www.zeckstick.de\/wp-content\/uploads\/2020\/02\/Kuhschelle-510x171.png 510w, https:\/\/www.zeckstick.de\/wp-content\/uploads\/2020\/02\/Kuhschelle-1024x343.png 1024w, https:\/\/www.zeckstick.de\/wp-content\/uploads\/2020\/02\/Kuhschelle-768x258.png 768w, https:\/\/www.zeckstick.de\/wp-content\/uploads\/2020\/02\/Kuhschelle-1536x515.png 1536w, https:\/\/www.zeckstick.de\/wp-content\/uploads\/2020\/02\/Kuhschelle-416x140.png 416w, https:\/\/www.zeckstick.de\/wp-content\/uploads\/2020\/02\/Kuhschelle.png 1941w\" sizes=\"(max-width: 300px) 100vw, 300px\" \/><\/p>\n<\/div><\/div>\n<\/div>\n<\/div>\n<div id=\"pgc-382-1-4\"  class=\"panel-grid-cell panel-grid-cell-empty\"  data-weight=\"0.155\" ><\/div>\n<\/div>\n<\/div>\n<div id=\"pg-382-2\"  class=\"panel-grid panel-has-style\"  data-style=\"{&quot;padding&quot;:&quot;12px 12px 12px 12px&quot;,&quot;background_image_attachment&quot;:false,&quot;background_display&quot;:&quot;tile&quot;,&quot;background_image_size&quot;:&quot;full&quot;,&quot;border_thickness&quot;:&quot;1px&quot;,&quot;gutter&quot;:&quot;30px&quot;,&quot;cell_alignment&quot;:&quot;flex-start&quot;,&quot;iw-visible-screen&quot;:&quot;iw-all&quot;,&quot;iw-visible-layout&quot;:&quot;iw-all&quot;}\"  data-ratio=\"1\"  data-ratio-direction=\"right\" >\n<div class=\"panel-row-style panel-row-style-for-382-2\" >\n<div id=\"pgc-382-2-0\"  class=\"panel-grid-cell panel-grid-cell-empty\"  data-weight=\"0.15\" ><\/div>\n<div id=\"pgc-382-2-1\"  class=\"panel-grid-cell panel-grid-cell-mobile-last\"  data-weight=\"0.7\" >\n<div id=\"panel-382-2-1-0\" class=\"so-panel widget widget_sow-editor panel-first-child panel-last-child\" data-index=\"7\" data-style=\"{&quot;background_image_attachment&quot;:false,&quot;background_display&quot;:&quot;tile&quot;,&quot;margin&quot;:&quot;0px 0px 0px 0px&quot;,&quot;iw-visible-screen&quot;:&quot;iw-all&quot;,&quot;iw-visible-layout&quot;:&quot;iw-all&quot;}\" >\n<div\n\t\t\t\n\t\t\tclass=\"so-widget-sow-editor so-widget-sow-editor-base\"\n\t\t\t\n\t\t><\/p>\n<div class=\"siteorigin-widget-tinymce textwidget\">\n\t<a href=\"https:\/\/www.zeckstick.de\/wp-content\/uploads\/2017\/06\/zmtec_gebaeude.jpg\"><img loading=\"lazy\" decoding=\"async\" class=\"size-full wp-image-404 aligncenter\" src=\"https:\/\/www.zeckstick.de\/wp-content\/uploads\/2017\/06\/zmtec_gebaeude.jpg\" alt=\"\" width=\"1200\" height=\"675\" srcset=\"https:\/\/www.zeckstick.de\/wp-content\/uploads\/2017\/06\/zmtec_gebaeude.jpg 1200w, https:\/\/www.zeckstick.de\/wp-content\/uploads\/2017\/06\/zmtec_gebaeude-510x287.jpg 510w, https:\/\/www.zeckstick.de\/wp-content\/uploads\/2017\/06\/zmtec_gebaeude-300x169.jpg 300w, https:\/\/www.zeckstick.de\/wp-content\/uploads\/2017\/06\/zmtec_gebaeude-768x432.jpg 768w, https:\/\/www.zeckstick.de\/wp-content\/uploads\/2017\/06\/zmtec_gebaeude-1024x576.jpg 1024w, https:\/\/www.zeckstick.de\/wp-content\/uploads\/2017\/06\/zmtec_gebaeude-416x234.jpg 416w\" sizes=\"(max-width: 1200px) 100vw, 1200px\" \/><\/a><\/div>\n<\/div>\n<\/div>\n<\/div>\n<div id=\"pgc-382-2-2\"  class=\"panel-grid-cell panel-grid-cell-empty\"  data-weight=\"0.15\" ><\/div>\n<\/div>\n<\/div>\n<\/div>\n<style type=\"text\/css\" class=\"panels-style\" data-panels-style-for-post=\"382\">@import url(https:\/\/www.zeckstick.de\/wp-content\/plugins\/siteorigin-panels\/css\/front-flex.min.css); #pgc-382-0-0 , #pgc-382-0-2 , #pgc-382-2-0 , #pgc-382-2-2 { width:15%;width:calc(15% - ( 0.85 * 30px ) ) } #pgc-382-0-1 , #pgc-382-2-1 { width:70%;width:calc(70% - ( 0.3 * 30px ) ) } #pg-382-0 , #pg-382-1 , #pl-382 .so-panel { margin-bottom:30px } #pgc-382-1-0 , #pgc-382-1-4 { width:15.5%;width:calc(15.5% - ( 0.845 * 50px ) ) } #pgc-382-1-1 , #pgc-382-1-2 , #pgc-382-1-3 { width:23%;width:calc(23% - ( 0.77 * 50px ) ) } #pl-382 #panel-382-1-1-1 { margin:0px 22px 22px 22px } #pl-382 #panel-382-1-2-1 { margin:-5px 12px 12px 12px } #pl-382 #panel-382-1-3-1 { margin:33px 0px 0px 0px } #pl-382 #panel-382-2-1-0 { margin:0px 0px 0px 0px } #pl-382 .so-panel:last-of-type { margin-bottom:0px } #pg-382-0> .panel-row-style { padding:22px 22px 22px 22px } #pg-382-0.panel-has-style > .panel-row-style, #pg-382-0.panel-no-style , #pg-382-1.panel-has-style > .panel-row-style, #pg-382-1.panel-no-style , #pg-382-2.panel-has-style > .panel-row-style, #pg-382-2.panel-no-style { -webkit-align-items:flex-start;align-items:flex-start } #pg-382-1> .panel-row-style { padding:10px 10px 10px 10px } #panel-382-1-1-1> .panel-widget-style { padding:0px 0px 0px 0px } #panel-382-1-3-1> .panel-widget-style { background-image:url(https:\/\/www.zeckstick.de\/wp-content\/uploads\/2017\/05\/Fotolia_142731636_Subscription_Monthly_M.jpg);background-attachment:fixed;background-position:center center;background-size:cover;border:1px solid #edd121;padding:22px 22px 22px 22px } #pg-382-2> .panel-row-style { padding:12px 12px 12px 12px } @media (max-width:780px){ #pg-382-0.panel-no-style, #pg-382-0.panel-has-style > .panel-row-style, #pg-382-0 , #pg-382-1.panel-no-style, #pg-382-1.panel-has-style > .panel-row-style, #pg-382-1 , #pg-382-2.panel-no-style, #pg-382-2.panel-has-style > .panel-row-style, #pg-382-2 { -webkit-flex-direction:column;-ms-flex-direction:column;flex-direction:column } #pg-382-0 > .panel-grid-cell , #pg-382-0 > .panel-row-style > .panel-grid-cell , #pg-382-1 > .panel-grid-cell , #pg-382-1 > .panel-row-style > .panel-grid-cell , #pg-382-2 > .panel-grid-cell , #pg-382-2 > .panel-row-style > .panel-grid-cell { width:100%;margin-right:0 } #pgc-382-0-0 , #pgc-382-0-1 , #pgc-382-1-0 , #pgc-382-1-1 , #pgc-382-1-2 , #pgc-382-1-3 , #pgc-382-2-0 , #pgc-382-2-1 { margin-bottom:30px } #pl-382 .panel-grid-cell { padding:0 } #pl-382 .panel-grid .panel-grid-cell-empty { display:none } #pl-382 .panel-grid .panel-grid-cell-mobile-last { margin-bottom:0px } #pg-382-1> .panel-row-style { padding:10px 10px 10px 10px } #panel-382-1-3-1> .panel-widget-style { padding:0px 0px 0px 0px;background-attachment:scroll }  } <\/style>\n","protected":false},"excerpt":{"rendered":"<p>Die Idee zum ZECKstick entstand an einem fr\u00fchsommerlichen Abend. Mein Sohn kam von seinen Streifz\u00fcgen durch unsere herrliche Allg\u00e4uer Natur nach Hause. &#8220;Ab in die Dusche&#8221; hei\u00dft das erstmal bei einem unternehmungslustigen 10-j\u00e4hrigen. Papa, da ist was am R\u00fccken! &#8211; Mit viel Gefummel konnt ich die Zecke schlie\u00dflich leicht verquetscht entfernen. &#8220;Das mu\u00df doch besser [&#8230;]\n","protected":false},"author":6,"featured_media":0,"parent":0,"menu_order":0,"comment_status":"closed","ping_status":"closed","template":"","meta":{"footnotes":""},"_links":{"self":[{"href":"https:\/\/www.zeckstick.de\/index.php\/wp-json\/wp\/v2\/pages\/382"}],"collection":[{"href":"https:\/\/www.zeckstick.de\/index.php\/wp-json\/wp\/v2\/pages"}],"about":[{"href":"https:\/\/www.zeckstick.de\/index.php\/wp-json\/wp\/v2\/types\/page"}],"author":[{"embeddable":true,"href":"https:\/\/www.zeckstick.de\/index.php\/wp-json\/wp\/v2\/users\/6"}],"replies":[{"embeddable":true,"href":"https:\/\/www.zeckstick.de\/index.php\/wp-json\/wp\/v2\/comments?post=382"}],"version-history":[{"count":64,"href":"https:\/\/www.zeckstick.de\/index.php\/wp-json\/wp\/v2\/pages\/382\/revisions"}],"predecessor-version":[{"id":2467,"href":"https:\/\/www.zeckstick.de\/index.php\/wp-json\/wp\/v2\/pages\/382\/revisions\/2467"}],"wp:attachment":[{"href":"https:\/\/www.zeckstick.de\/index.php\/wp-json\/wp\/v2\/media?parent=382"}],"curies":[{"name":"wp","href":"https:\/\/api.w.org\/{rel}","templated":true}]}}