{"id":15,"date":"2017-05-22T12:37:04","date_gmt":"2017-05-22T10:37:04","guid":{"rendered":"http:\/\/www.zeckstick.de\/index.php\/zahlungsweisen\/"},"modified":"2018-07-10T08:10:06","modified_gmt":"2018-07-10T06:10:06","slug":"zahlungsweisen","status":"publish","type":"page","link":"https:\/\/www.zeckstick.de\/index.php\/zahlungsweisen\/","title":{"rendered":"Zahlungsweisen"},"content":{"rendered":"<p><strong>Zahlungsarten<\/strong><\/p>\n<p>Wir bieten Ihnen folgende Zahlungsarten an. Suchen Sie sich einfach die f\u00fcr Sie optimale Zahlart aus. Die Versandkosten sind teilweise abh\u00e4ngig von der gew\u00e4hlten Zahlungsart. Die in den jeweiligen Angeboten angef\u00fchrten Preise stellen Endpreise dar. Sie beinhalten alle Preisbestandteile einschlie\u00dflich etwaig anfallender Steuern wie Mehrwertsteuer. Nur bei grenz\u00fcberschreitender Lieferung k\u00f6nnen im Einzelfall weitere Steuern (z.B. im Falle eines innergemeinschaftlichen Erwerbs) und\/oder Abgaben (z.B. Z\u00f6lle) von Ihnen zu zahlen sein, jedoch nicht an den Verk\u00e4ufer, sondern an die dort zust\u00e4ndigen Zoll- bzw. Steuerbeh\u00f6rden. Die anfallenden Liefer- und Versandkosten sind nicht im Kaufpreis enthalten, sie sind \u00fcber die Seite \u201eVersandkosten\u201c aufrufbar, werden im Laufe des Bestellvorganges gesondert ausgewiesen und sind von Ihnen zus\u00e4tzlich zu tragen.<\/p>\n<p><!--<em>Nachnahme<\/em>\n\nBitte halten Sie den Rechnungsbetrag bereit; der Zusteller kassiert bei Lieferung in bar (keine Schecks). Bei Nachnahme fallen zus&auml;tzlich [6,50 EUR Nachnahmegeb&uuml;hren] an, die direkt an den Paketzusteller zu entrichten sind.\n\n<em>Lastschrift<\/em>\n\nWir ziehen den Rechnungsbetrag Ihrer Bestellung von Ihrem hinterlegten Bankkonto nach der get&auml;tigten Bestellung ein. [Plus 2 Euro Geb&uuml;hr]\n\n<em>Auf Rechnung<\/em>\nEinfach bestellen und im Anschlu&szlig; erst bezahlen. [Plus 2 Euro Geb&uuml;hr]\n\n<em>Kreditkarte<\/em>\n\nZahlen Sie ganz einfach per Kreditkarte.--><\/p>\n<p><em>PayPal<\/em><\/p>\n<p>Noch schneller und sicherer bezahlen mit ihrem PayPal-Konto.<\/p>\n<p><em>Vorkasse<\/em><\/p>\n<p><!--Kostenloser Versand innerhalb Deutschlands (Au&szlig;er Express-Versand)--><\/p>\n<p>Bitte \u00fcberweisen Sie den Gesamtbetrag Ihrer Bestellung auf unser Konto:<\/p>\n<p>Kontoinhaber: Reinhard Buck<br \/>\nKreditinstitut: Raiffeisenbank Kempten-Oberallg\u00e4u eG<br \/>\nIBAN: DE76 7336 9920 0007 4271 07<br \/>\nBIC: GENODEF1SFO<\/p>\n<p><!--<em>Barzahlung<\/em>\n\nBestellen Sie online und holen Sie Ihre Bestellung bei uns im Laden einfach ab:\n\nDemoshop, Demostra&szlig;e 13\n12345 Musterstadt, Deutschland\nMo &#8211; Fr 8:30 &#8211; 13:00, 14:30 &#8211; 18:00\nSa 9:00 &#8211; 13:00--><\/p>\n","protected":false},"excerpt":{"rendered":"<p>Zahlungsarten Wir bieten Ihnen folgende Zahlungsarten an. Suchen Sie sich einfach die f\u00fcr Sie optimale Zahlart aus. Die Versandkosten sind teilweise abh\u00e4ngig von der gew\u00e4hlten Zahlungsart. Die in den jeweiligen Angeboten angef\u00fchrten Preise stellen Endpreise dar. Sie beinhalten alle Preisbestandteile einschlie\u00dflich etwaig anfallender Steuern wie Mehrwertsteuer. Nur bei grenz\u00fcberschreitender Lieferung k\u00f6nnen im Einzelfall weitere Steuern [&#8230;]\n","protected":false},"author":6,"featured_media":0,"parent":0,"menu_order":0,"comment_status":"closed","ping_status":"closed","template":"","meta":{"footnotes":""},"_links":{"self":[{"href":"https:\/\/www.zeckstick.de\/index.php\/wp-json\/wp\/v2\/pages\/15"}],"collection":[{"href":"https:\/\/www.zeckstick.de\/index.php\/wp-json\/wp\/v2\/pages"}],"about":[{"href":"https:\/\/www.zeckstick.de\/index.php\/wp-json\/wp\/v2\/types\/page"}],"author":[{"embeddable":true,"href":"https:\/\/www.zeckstick.de\/index.php\/wp-json\/wp\/v2\/users\/6"}],"replies":[{"embeddable":true,"href":"https:\/\/www.zeckstick.de\/index.php\/wp-json\/wp\/v2\/comments?post=15"}],"version-history":[{"count":5,"href":"https:\/\/www.zeckstick.de\/index.php\/wp-json\/wp\/v2\/pages\/15\/revisions"}],"predecessor-version":[{"id":943,"href":"https:\/\/www.zeckstick.de\/index.php\/wp-json\/wp\/v2\/pages\/15\/revisions\/943"}],"wp:attachment":[{"href":"https:\/\/www.zeckstick.de\/index.php\/wp-json\/wp\/v2\/media?parent=15"}],"curies":[{"name":"wp","href":"https:\/\/api.w.org\/{rel}","templated":true}]}}